{"id":359,"date":"2015-04-10T10:37:50","date_gmt":"2015-04-10T09:37:50","guid":{"rendered":"http:\/\/lelievre-couverture.com\/entreprise\/?page_id=359"},"modified":"2015-05-07T08:58:39","modified_gmt":"2015-05-07T07:58:39","slug":"couvreur-peut-vous-apporter-lumiere","status":"publish","type":"page","link":"https:\/\/lelievre-couverture.com\/entreprise\/couvreur-peut-vous-apporter-lumiere\/","title":{"rendered":"Un couvreur qui peut aussi vous apporter la lumi\u00e8re ! | puits de lumi\u00e8re"},"content":{"rendered":"<div>\n<div>\n<div>\n<p>Nous sommes parfois appel\u00e9s dans nos travaux de couverture \u00e0 poser et r\u00e9aliser des fen\u00eatres de toit, mais nos clients ne savent pas toujours qu&rsquo;une pi\u00e8ce peu\/mal \u00e9clair\u00e9e peut gagner beaucoup plus en clart\u00e9 gr\u00e2ce \u00e0 la pose et l&rsquo;am\u00e9nagement d&rsquo;un puits de lumi\u00e8re ou <b>conduit de lumi\u00e8re<\/b>.<\/p>\n<p>Ces derniers sont capable d&rsquo;optimiser une forte entr\u00e9e de lumi\u00e8re quand vos murs ne permettent pas de creuser de fen\u00eatres&#8230;<\/p>\n<p>Aussi appel\u00e9s lucarne tubulaire votre <i>puits de lumi\u00e8re<\/i> se compose de 3 pi\u00e8ces principales : un d\u00f4me collecteur, une \u00e9tanch\u00e9it\u00e9 sur toit et un tube qui va transporter la lumi\u00e8re reli\u00e9 \u00e0 un diffuseur.<\/p>\n<p>Certains d\u00f4mes peuvent \u00e9galement collecter la lumi\u00e8re plus loin que le lieux de diffusion (g\u00e9n\u00e9ralement plein sud) pour la redistribuer vers un versant de toit ombrag\u00e9, par un syst\u00e8me de miroirs et prismes.<\/p>\n<\/div>\n<p>Toujours dans l&rsquo;esprit de canaliser plus de lumi\u00e8res, certains puits de lumi\u00e8re sont dot\u00e9s d&rsquo;une lentille sp\u00e9cifique.<\/p>\n<\/div>\n<p>Vous le comprendrez : le puits de lumi\u00e8re vous apportera un apport GRATUIT de lumi\u00e8re tout au long de la journ\u00e9e, de fa\u00e7on r\u00e9guli\u00e8re et optimale. Jusqu&rsquo;\u00e0 99% de r\u00e9cup\u00e9ration de lumi\u00e8re !<\/p>\n<\/div>\n<p>N\u00e9anmoins attention, plus le conduit de transport sera long et plus la perte sera effective.<\/p>\n<div><\/div>\n<div>N&rsquo;h\u00e9sitez pas \u00e0 faire appel \u00e0 notre entreprise de couverture, nous sommes \u00e0 votre \u00e9coute sur le secteur de Lens, Arras, Amiens, <a href=\"http:\/\/lelievre-couverture.com\/entreprise\/artisan-couvreur-a-hesdin-une-ville-aux-prouesses-techniques\/\" target=\"_blank\">Hesdin<\/a>, c&rsquo;est \u00e0 dire le Pas-de-Calais et la Picardie.<\/div>\n","protected":false},"excerpt":{"rendered":"<p>Nous sommes parfois appel\u00e9s dans nos travaux de couverture \u00e0 poser et r\u00e9aliser des fen\u00eatres de toit, mais nos clients ne savent pas toujours qu&rsquo;une pi\u00e8ce peu\/mal \u00e9clair\u00e9e peut gagner beaucoup plus en clart\u00e9 gr\u00e2ce \u00e0 la pose et l&rsquo;am\u00e9nagement d&rsquo;un puits de lumi\u00e8re ou conduit de lumi\u00e8re. Ces derniers sont capable d&rsquo;optimiser une forte<\/p>\n","protected":false},"author":1,"featured_media":0,"parent":0,"menu_order":0,"comment_status":"open","ping_status":"open","template":"","meta":{"footnotes":""},"class_list":["post-359","page","type-page","status-publish","hentry"],"_links":{"self":[{"href":"https:\/\/lelievre-couverture.com\/entreprise\/wp-json\/wp\/v2\/pages\/359","targetHints":{"allow":["GET"]}}],"collection":[{"href":"https:\/\/lelievre-couverture.com\/entreprise\/wp-json\/wp\/v2\/pages"}],"about":[{"href":"https:\/\/lelievre-couverture.com\/entreprise\/wp-json\/wp\/v2\/types\/page"}],"author":[{"embeddable":true,"href":"https:\/\/lelievre-couverture.com\/entreprise\/wp-json\/wp\/v2\/users\/1"}],"replies":[{"embeddable":true,"href":"https:\/\/lelievre-couverture.com\/entreprise\/wp-json\/wp\/v2\/comments?post=359"}],"version-history":[{"count":2,"href":"https:\/\/lelievre-couverture.com\/entreprise\/wp-json\/wp\/v2\/pages\/359\/revisions"}],"predecessor-version":[{"id":373,"href":"https:\/\/lelievre-couverture.com\/entreprise\/wp-json\/wp\/v2\/pages\/359\/revisions\/373"}],"wp:attachment":[{"href":"https:\/\/lelievre-couverture.com\/entreprise\/wp-json\/wp\/v2\/media?parent=359"}],"curies":[{"name":"wp","href":"https:\/\/api.w.org\/{rel}","templated":true}]}}