{"id":338,"date":"2015-03-05T10:07:47","date_gmt":"2015-03-05T09:07:47","guid":{"rendered":"http:\/\/lelievre-couverture.com\/entreprise\/?page_id=338"},"modified":"2018-01-04T11:54:06","modified_gmt":"2018-01-04T10:54:06","slug":"importance-etancheite-souches-de-cheminees","status":"publish","type":"page","link":"https:\/\/lelievre-couverture.com\/entreprise\/importance-etancheite-souches-de-cheminees\/","title":{"rendered":"L&rsquo;importance de l&rsquo;\u00e9tanch\u00e9it\u00e9 de vos souches de chemin\u00e9es. | souche de chemin\u00e9e fuite humidit\u00e9"},"content":{"rendered":"<div>\n<div>\n<div>\n<div>\n<div>\n<div>\n<div>\n<div><strong>C&rsquo;est une autre partie importante de notre m\u00e9tier de couvreur et un point crucial pour la bonne tenue de votre maison : l&rsquo;entretien, la r\u00e9fection ou la cr\u00e9ation d&rsquo;une souche de chemin\u00e9e n&rsquo;est pas \u00e0 prendre \u00e0 la l\u00e9g\u00e8re. Il en va de l&rsquo;\u00e9tanch\u00e9it\u00e9 de votre toiture !<\/strong><\/div>\n<div>C&rsquo;est elle qui d\u00e9passe de votre toit et permet l&rsquo;\u00e9vacuation de vos fum\u00e9es, n\u00e9anmoins votre souche de chemin\u00e9e est aussi un point faible pour l&rsquo;entr\u00e9e d&rsquo;humidit\u00e9 dans votre toiture, votre habitation. Elle canalise parfois l&rsquo;eau de pluie qui viendra s&rsquo;infiltrer au coeur de votre conduit entrainant des d\u00e9g\u00e2ts pouvant aller de simples infiltrations dans votre grenier, au pourrissement complet de tout ce qui entoure votre chemin\u00e9e du po\u00eale (rez de chauss\u00e9e) jusqu&rsquo;au fa\u00eete de votre charpente (pl\u00e2tres, tapisseries, isolation, charpente et <strong>apparition de champignons<\/strong>) &#8230;<\/div>\n<p>Mais l&rsquo;eau peut \u00e9galement s&rsquo;infiltrer \u00e0 la base de votre souche de chemin\u00e9e si l&rsquo;\u00e9tat des zingueries et enduits s&rsquo;av\u00e8rent v\u00e9tuste ou mal con\u00e7u.<\/p>\n<\/div>\n<p>Pas de panique, il existe des solutions que l&rsquo;Entreprise Leli\u00e8vre met en pratique couramment. Une r\u00e9fection de votre toiture passera quoi qu&rsquo;il arrive par une r\u00e9vision de votre souche de chemin\u00e9e et ceci s&rsquo;effectue en plusieurs points :<\/p>\n<\/div>\n<\/div>\n<ol>\n<li>R\u00e9vision de la ma\u00e7onnerie par rebouchage des joints d\u00e9suets, repose de briques, cr\u00e9ation pose d&rsquo;enduit hydrofuges, pose d&rsquo;un chapeau pare-pluie adapt\u00e9&#8230;<\/li>\n<li>R\u00e9fection des zingueries qui entourent la base de votre souche de chemin\u00e9e : pose de bavettes m\u00e9talliques qui devront recouvrir la premi\u00e8re ligne de tuiles. Pose d&rsquo;un noquet recouvrant, mise en place de solins pour prot\u00e9ger les joints&#8230;<\/li>\n<li>Suppression des accessoires inutiles : tours de chemin\u00e9e en acier (qui rouillent et endommagent votre conduit), suppression des mats d&rsquo;antennes et des paraboles (qui endommagent \u00e9galement rapidement votre conduit).<\/li>\n<\/ol>\n<\/div>\n<\/div>\n<\/div>\n<p>Notez au passage que tous ces \u00e9l\u00e9ments constituent \u00e0 eux seuls une mise en s\u00e9curit\u00e9 de votre toiture quant aux chutes d&rsquo;objets, de b\u00e9tons et de briques mais \u00e9galement une s\u00e9curisation de vos proches et des personnes qui transitent autour de votre maison&#8230;<\/p>\n<\/div>\n<p>Sur le p\u00e9rim\u00e8tre <a title=\"couvreur pas de calais somme\" href=\"http:\/\/lelievre-couverture.com\/entreprise\/metier-couvreur-passion-artisanat\/\">Arras, Amiens, StPol, Hesdin, Avesnes-le-Comte (notre secteur d&rsquo;intervention en travaux de couverture)<\/a> les architectures de nos maisons sont aussi diverses qu&rsquo;il existe de formes de chemin\u00e9es ! Nous sommes capables de toutes les traiter et les restaurer pour le bien \u00eatre et l&rsquo;harmonie de votre habitation et ses habitants&#8230;<\/p>\n<div id=\"attachment_228\" style=\"width: 610px\" class=\"wp-caption aligncenter\"><a href=\"http:\/\/lelievre-couverture.com\/entreprise\/wp-content\/uploads\/2014\/10\/lelievre-photos-048.jpg\"><img loading=\"lazy\" decoding=\"async\" aria-describedby=\"caption-attachment-228\" class=\"wp-image-228\" src=\"http:\/\/lelievre-couverture.com\/entreprise\/wp-content\/uploads\/2014\/10\/lelievre-photos-048.jpg\" alt=\"lelievre photos 048\" width=\"600\" height=\"450\" \/><\/a><p id=\"caption-attachment-228\" class=\"wp-caption-text\">Pose de solin sur souche de chemin\u00e9e<\/p><\/div>\n<p>&nbsp;<\/p>\n","protected":false},"excerpt":{"rendered":"<p>C&rsquo;est une autre partie importante de notre m\u00e9tier de couvreur et un point crucial pour la bonne tenue de votre maison : l&rsquo;entretien, la r\u00e9fection ou la cr\u00e9ation d&rsquo;une souche de chemin\u00e9e n&rsquo;est pas \u00e0 prendre \u00e0 la l\u00e9g\u00e8re. Il en va de l&rsquo;\u00e9tanch\u00e9it\u00e9 de votre toiture ! C&rsquo;est elle qui d\u00e9passe de votre toit<\/p>\n","protected":false},"author":1,"featured_media":0,"parent":0,"menu_order":0,"comment_status":"open","ping_status":"open","template":"","meta":{"footnotes":""},"class_list":["post-338","page","type-page","status-publish","hentry"],"_links":{"self":[{"href":"https:\/\/lelievre-couverture.com\/entreprise\/wp-json\/wp\/v2\/pages\/338","targetHints":{"allow":["GET"]}}],"collection":[{"href":"https:\/\/lelievre-couverture.com\/entreprise\/wp-json\/wp\/v2\/pages"}],"about":[{"href":"https:\/\/lelievre-couverture.com\/entreprise\/wp-json\/wp\/v2\/types\/page"}],"author":[{"embeddable":true,"href":"https:\/\/lelievre-couverture.com\/entreprise\/wp-json\/wp\/v2\/users\/1"}],"replies":[{"embeddable":true,"href":"https:\/\/lelievre-couverture.com\/entreprise\/wp-json\/wp\/v2\/comments?post=338"}],"version-history":[{"count":6,"href":"https:\/\/lelievre-couverture.com\/entreprise\/wp-json\/wp\/v2\/pages\/338\/revisions"}],"predecessor-version":[{"id":422,"href":"https:\/\/lelievre-couverture.com\/entreprise\/wp-json\/wp\/v2\/pages\/338\/revisions\/422"}],"wp:attachment":[{"href":"https:\/\/lelievre-couverture.com\/entreprise\/wp-json\/wp\/v2\/media?parent=338"}],"curies":[{"name":"wp","href":"https:\/\/api.w.org\/{rel}","templated":true}]}}