{"id":330,"date":"2015-03-03T14:33:43","date_gmt":"2015-03-03T13:33:43","guid":{"rendered":"http:\/\/lelievre-couverture.com\/entreprise\/?page_id=330"},"modified":"2015-05-26T05:46:59","modified_gmt":"2015-05-26T04:46:59","slug":"metier-couvreur-passion-artisanat","status":"publish","type":"page","link":"https:\/\/lelievre-couverture.com\/entreprise\/metier-couvreur-passion-artisanat\/","title":{"rendered":"Le M\u00e9tier de couvreur : passion de l&rsquo;artisanat | artisan couvreur charpentier"},"content":{"rendered":"<div>\n<div>\n<div>Depuis la nuit des temps le m\u00e9tier de couvreur est une activit\u00e9 qui m\u00e9lange tous les styles de maitrise et bon nombre de savoirs qui se croisent et se recoupent (trac\u00e9s, m\u00e9trage, g\u00e9om\u00e9trie).<\/div>\n<p>Ainsi, un couvreur se devra de connaitre son m\u00e9tier sur le bout des doigts et de savoir jongler avec la connaissance de la lecture des plans architecturaux. Il devra \u00e9galement connaitre les contraintes communales en mati\u00e8re de techniques, normes et supports \u00e0 respecter. Il devra appr\u00e9hender le travail, les supports en place et proposer \u00e0 ses clients un devis adapt\u00e9 \u00e0 ses besoins. Il contr\u00f4le et dirige son \u00e9quipe et se doit de voir dans le temps pour donner \u00e0 son client un d\u00e9lai respect\u00e9.<br \/>\nIl saura poser un pare-vapeur, un lattage, retoucher voire <a href=\"http:\/\/lelievre-couverture.com\/entreprise\/juger-de-letat-de-votre-charpente\/\">reconstruire une charpente<\/a>. Maitriser bien entendu la <a href=\"http:\/\/lelievre-couverture.com\/entreprise\/toiture-ardoise-ou-tuile\/\">pose de tuiles et ardoises<\/a> tout en ayant une connaissance parfaite de la<a href=\"http:\/\/lelievre-couverture.com\/entreprise\/artisan-couvreur-zingueur-zinguerie\/\"> zinguerie<\/a>, mais aussi de la pose des fen\u00eatres de toits.<\/p>\n<\/div>\n<p>Il saura \u00e9galement intervenir en <a href=\"http:\/\/lelievre-couverture.com\/entreprise\/depannage-toitures-artisan-reactif\/\">r\u00e9paration <strong>rapide<\/strong> sur toiture accident\u00e9e<\/a> et maitriser les outils (du marteau, \u00e0 la scie, de l&rsquo;\u00e9chelle \u00e0 l&rsquo;\u00e9chafaudage&#8230;) qui font de son m\u00e9tier une sp\u00e9cificit\u00e9 unique et une passion : la passion du travail bien fait.<\/p>\n<\/div>\n<p>Couvreurs de p\u00e8re en fils dans la r\u00e9gion du Pas-de-Calais et de la Somme, l&rsquo;entreprise Leli\u00e8vre rel\u00e8ve tous les d\u00e9fis de constructions et se tient \u00e0 votre service pour vos <a href=\"http:\/\/lelievre-couverture.com\/entreprise\/couvreur-pas-de-calais-somme\/\">projets toitures dans les villes <\/a>d&rsquo;<a href=\"http:\/\/lelievre-couverture.com\/entreprise\/amiens-ville-artisanale-millenaire\/\">Amiens<\/a>, Saint-pol-sur-Ternoise, Tincques, Arras, Bapaume, P\u00e9ronne, Albert, Noyon et la <a href=\"http:\/\/lelievre-couverture.com\/entreprise\/artisan-couvreur-a-hesdin-une-ville-aux-prouesses-techniques\/\" target=\"_blank\">ville d&rsquo; Hesdin<\/a>&#8230;<\/p>\n<div id=\"attachment_132\" style=\"width: 610px\" class=\"wp-caption aligncenter\"><a href=\"http:\/\/lelievre-couverture.com\/entreprise\/wp-content\/uploads\/2014\/10\/lelievre-photos-252.jpg\"><img loading=\"lazy\" decoding=\"async\" aria-describedby=\"caption-attachment-132\" class=\"wp-image-132\" src=\"http:\/\/lelievre-couverture.com\/entreprise\/wp-content\/uploads\/2014\/10\/lelievre-photos-252.jpg\" alt=\"lelievre photos 252\" width=\"600\" height=\"450\" \/><\/a><p id=\"caption-attachment-132\" class=\"wp-caption-text\">Artisan couvreur : un m\u00e9tier de risque et de rigueur (pas-de-calais \/ somme)<\/p><\/div>\n<p>&nbsp;<\/p>\n","protected":false},"excerpt":{"rendered":"<p>Depuis la nuit des temps le m\u00e9tier de couvreur est une activit\u00e9 qui m\u00e9lange tous les styles de maitrise et bon nombre de savoirs qui se croisent et se recoupent (trac\u00e9s, m\u00e9trage, g\u00e9om\u00e9trie). Ainsi, un couvreur se devra de connaitre son m\u00e9tier sur le bout des doigts et de savoir jongler avec la connaissance de<\/p>\n","protected":false},"author":1,"featured_media":0,"parent":0,"menu_order":0,"comment_status":"closed","ping_status":"closed","template":"","meta":{"footnotes":""},"class_list":["post-330","page","type-page","status-publish","hentry"],"_links":{"self":[{"href":"https:\/\/lelievre-couverture.com\/entreprise\/wp-json\/wp\/v2\/pages\/330","targetHints":{"allow":["GET"]}}],"collection":[{"href":"https:\/\/lelievre-couverture.com\/entreprise\/wp-json\/wp\/v2\/pages"}],"about":[{"href":"https:\/\/lelievre-couverture.com\/entreprise\/wp-json\/wp\/v2\/types\/page"}],"author":[{"embeddable":true,"href":"https:\/\/lelievre-couverture.com\/entreprise\/wp-json\/wp\/v2\/users\/1"}],"replies":[{"embeddable":true,"href":"https:\/\/lelievre-couverture.com\/entreprise\/wp-json\/wp\/v2\/comments?post=330"}],"version-history":[{"count":9,"href":"https:\/\/lelievre-couverture.com\/entreprise\/wp-json\/wp\/v2\/pages\/330\/revisions"}],"predecessor-version":[{"id":387,"href":"https:\/\/lelievre-couverture.com\/entreprise\/wp-json\/wp\/v2\/pages\/330\/revisions\/387"}],"wp:attachment":[{"href":"https:\/\/lelievre-couverture.com\/entreprise\/wp-json\/wp\/v2\/media?parent=330"}],"curies":[{"name":"wp","href":"https:\/\/api.w.org\/{rel}","templated":true}]}}