{"id":296,"date":"2015-02-20T09:58:20","date_gmt":"2015-02-20T08:58:20","guid":{"rendered":"http:\/\/lelievre-couverture.com\/entreprise\/?page_id=296"},"modified":"2015-05-07T12:18:52","modified_gmt":"2015-05-07T11:18:52","slug":"termites-et-insectes-xylophages-toiture","status":"publish","type":"page","link":"https:\/\/lelievre-couverture.com\/entreprise\/termites-et-insectes-xylophages-toiture\/","title":{"rendered":"Termites et insectes xylophages : que faire pour votre toiture ?"},"content":{"rendered":"<div><strong>En tant que <em><a href=\"http:\/\/lelievre-couverture.com\/entreprise\/nos-competences-couverture-zinguerie\/\">couvreurs sur la r\u00e9gion d&rsquo;Amiens, Hesdin et d&rsquo;Arras<\/a><\/em>, nous sommes souvent amen\u00e9s \u00e0 travailler en restauration sur des charpentes vieilles de plus de 100 ans. Les bois d&rsquo;avant (l&rsquo;orme, le ch\u00eane&#8230;) \u00e9taient de constitutions robustes pour traverser les temps, les guerres et les vices de la m\u00e9t\u00e9o. N\u00e9anmoins le bois utilis\u00e9 pour la fabrication des charpentes actuelles reste qualitatif si l&rsquo;on respecte certaines contraintes (temps de s\u00e9chage, mode de pose, sections).<\/strong><br \/>\nCe point \u00e9tant pos\u00e9, il faut maintenant savoir que toutes ces consid\u00e9rations ne sont rien face \u00e0 un probl\u00e8me majeur : Les<em> insectes xylophages<\/em> (termites, petites et grosses vrillettes, capricornes&#8230;). Ces insectes invasifs sont capables de mettre en pi\u00e8ce toute ou partie de votre charpente en moins de temps qu&rsquo;il ne faut pour le dire&#8230; Cela peut aller de la fragilisation de votre couverture \u00e0 l&rsquo;effondrement pur et simple de votre toiture.<\/div>\n<div id=\"attachment_297\" style=\"width: 510px\" class=\"wp-caption aligncenter\"><a href=\"http:\/\/lelievre-couverture.com\/entreprise\/wp-content\/uploads\/2015\/02\/termites.gif\"><img loading=\"lazy\" decoding=\"async\" aria-describedby=\"caption-attachment-297\" class=\"wp-image-297 size-full\" src=\"http:\/\/lelievre-couverture.com\/entreprise\/wp-content\/uploads\/2015\/02\/termites.gif\" alt=\"termites\" width=\"500\" height=\"283\" \/><\/a><p id=\"caption-attachment-297\" class=\"wp-caption-text\">Un bois visiblement attaqu\u00e9 par la vermine<\/p><\/div>\n<div>Vous avez rep\u00e9r\u00e9 la pr\u00e9sence de ces bestioles au sein de votre charpente (voir notre article <a href=\"http:\/\/lelievre-couverture.com\/entreprise\/juger-de-letat-de-votre-charpente\/\">\u00ab\u00a0juger de l&rsquo;\u00e9tat de votre charpente\u00a0\u00bb<\/a> pour vous aider \u00e0 d\u00e9celer ces nuisibles) il vous faut agir sans tarder, des solutions existent et fonctionnent, il n&rsquo;est jamais trop tard !<\/div>\n<div>Deux m\u00e9thodes pour commencer : Le traitement par injection et le traitement en surface.<\/div>\n<div>L&rsquo;injection consiste \u00e0 poser de petits tuyaux (injecteurs) pour introduire un anti-xylophage. Ce produit se diffuse au coeur des galeries creus\u00e9es par les termites, au coeur du bois (par capillarit\u00e9 ou par bombe a\u00e9rosol). Cette solution radicale est surtout valable en cas d&rsquo;invasions ponctuelles.<\/div>\n<div>\n<div id=\"attachment_298\" style=\"width: 510px\" class=\"wp-caption aligncenter\"><a href=\"http:\/\/lelievre-couverture.com\/entreprise\/wp-content\/uploads\/2015\/02\/Traitement-par-Injection-Termites.jpg\"><img loading=\"lazy\" decoding=\"async\" aria-describedby=\"caption-attachment-298\" class=\"wp-image-298 size-full\" src=\"http:\/\/lelievre-couverture.com\/entreprise\/wp-content\/uploads\/2015\/02\/Traitement-par-Injection-Termites.jpg\" alt=\"Traitement par injection\" width=\"500\" height=\"360\" \/><\/a><p id=\"caption-attachment-298\" class=\"wp-caption-text\">Traitement par injection<\/p><\/div>\n<\/div>\n<h2>Il est pr\u00e9f\u00e9rable de traiter toute sa charpente quand le ph\u00e9nom\u00e8ne est plus \u00e9tendu<\/h2>\n<div>Donc dans ce cas la m\u00e9thode en surface peut s&rsquo;av\u00e9rer utile : une vaporisation d&rsquo;un produit anti-xylophage va donc \u00eatre adopt\u00e9e.<\/div>\n<div>Tous ces produits se trouvent facilement dans les magasins sp\u00e9cialis\u00e9s sous deux formes : les formules chimiques (Xyloph\u00e8ne et autres V33) et les formules \u00ab\u00a0bio\u00a0\u00bb qui respectent un peu plus l&rsquo;environnement. Vous pouvez les utiliser et les mettre en pratique vous-m\u00eame, sous r\u00e9serves d&rsquo;utiliser les protections requises (masques, gants).<\/div>\n<div>\n<div id=\"attachment_300\" style=\"width: 410px\" class=\"wp-caption aligncenter\"><a href=\"http:\/\/lelievre-couverture.com\/entreprise\/wp-content\/uploads\/2015\/02\/pulverisation-xylophene.jpg\"><img loading=\"lazy\" decoding=\"async\" aria-describedby=\"caption-attachment-300\" class=\"wp-image-300 size-full\" src=\"http:\/\/lelievre-couverture.com\/entreprise\/wp-content\/uploads\/2015\/02\/pulverisation-xylophene.jpg\" alt=\"pulverisation-xylophene\" width=\"400\" height=\"236\" \/><\/a><p id=\"caption-attachment-300\" class=\"wp-caption-text\">M\u00e9thode de traitement du bois en surface avec pulv\u00e9risateur<\/p><\/div>\n<\/div>\n<h3>Enfin, si une pi\u00e8ce de <em>charpente<\/em> s&rsquo;av\u00e8re trop attaqu\u00e9e, il faudra ne pas h\u00e9siter \u00e0 la consolider (la doubler ou la ferrer)<\/h3>\n<div>ou plus efficacement \u00e0 la faire changer purement et simplement par des artisans professionnels de la charpente.<\/div>\n<div>D&rsquo;autres questions sur ce sujet ? N&rsquo;h\u00e9sitez pas \u00e0 nous contacter, nous sommes des <a href=\"http:\/\/lelievre-couverture.com\/entreprise\/contact-et-devis-gratuit\/\">artisans couvreurs \u00e0 l&rsquo;\u00e9coute et \u00e0 votre service<\/a> !<\/div>\n","protected":false},"excerpt":{"rendered":"<p>En tant que couvreurs sur la r\u00e9gion d&rsquo;Amiens, Hesdin et d&rsquo;Arras, nous sommes souvent amen\u00e9s \u00e0 travailler en restauration sur des charpentes vieilles de plus de 100 ans. Les bois d&rsquo;avant (l&rsquo;orme, le ch\u00eane&#8230;) \u00e9taient de constitutions robustes pour traverser les temps, les guerres et les vices de la m\u00e9t\u00e9o. N\u00e9anmoins le bois utilis\u00e9 pour<\/p>\n","protected":false},"author":1,"featured_media":0,"parent":0,"menu_order":0,"comment_status":"open","ping_status":"open","template":"","meta":{"footnotes":""},"class_list":["post-296","page","type-page","status-publish","hentry"],"_links":{"self":[{"href":"https:\/\/lelievre-couverture.com\/entreprise\/wp-json\/wp\/v2\/pages\/296","targetHints":{"allow":["GET"]}}],"collection":[{"href":"https:\/\/lelievre-couverture.com\/entreprise\/wp-json\/wp\/v2\/pages"}],"about":[{"href":"https:\/\/lelievre-couverture.com\/entreprise\/wp-json\/wp\/v2\/types\/page"}],"author":[{"embeddable":true,"href":"https:\/\/lelievre-couverture.com\/entreprise\/wp-json\/wp\/v2\/users\/1"}],"replies":[{"embeddable":true,"href":"https:\/\/lelievre-couverture.com\/entreprise\/wp-json\/wp\/v2\/comments?post=296"}],"version-history":[{"count":10,"href":"https:\/\/lelievre-couverture.com\/entreprise\/wp-json\/wp\/v2\/pages\/296\/revisions"}],"predecessor-version":[{"id":378,"href":"https:\/\/lelievre-couverture.com\/entreprise\/wp-json\/wp\/v2\/pages\/296\/revisions\/378"}],"wp:attachment":[{"href":"https:\/\/lelievre-couverture.com\/entreprise\/wp-json\/wp\/v2\/media?parent=296"}],"curies":[{"name":"wp","href":"https:\/\/api.w.org\/{rel}","templated":true}]}}