{"id":23,"date":"2014-10-07T08:33:43","date_gmt":"2014-10-07T07:33:43","guid":{"rendered":"http:\/\/lelievre-couverture.com\/entreprise\/?page_id=23"},"modified":"2015-05-07T11:06:16","modified_gmt":"2015-05-07T10:06:16","slug":"livre-dor","status":"publish","type":"page","link":"https:\/\/lelievre-couverture.com\/entreprise\/livre-dor\/","title":{"rendered":"Livre d&rsquo;or | livre d&rsquo;or"},"content":{"rendered":"<h1>Qu&rsquo;en pensent nos clients ?<\/h1>\n<p><strong>Voici quelques avis de nos clients sous forme de \u00ab\u00a0livre d&rsquo;or\u00a0\u00bb.<\/strong><\/p>\n<p>Si vous d\u00e9sirez \u00e9galement poster un commentaire sur le travail que nous avons effectu\u00e9 chez vous, n&rsquo;h\u00e9sitez pas, il vous suffit de vous rendre en bas de cette page <strong>\u00ab\u00a0Laissez votre commentaire\u00a0\u00bb<\/strong> et de vous exprimer librement. Nous en serons tr\u00e8s honor\u00e9s !<\/p>\n","protected":false},"excerpt":{"rendered":"<p>Qu&rsquo;en pensent nos clients ? Voici quelques avis de nos clients sous forme de \u00ab\u00a0livre d&rsquo;or\u00a0\u00bb. Si vous d\u00e9sirez \u00e9galement poster un commentaire sur le travail que nous avons effectu\u00e9 chez vous, n&rsquo;h\u00e9sitez pas, il vous suffit de vous rendre en bas de cette page \u00ab\u00a0Laissez votre commentaire\u00a0\u00bb et de vous exprimer librement. Nous en<\/p>\n","protected":false},"author":1,"featured_media":0,"parent":0,"menu_order":0,"comment_status":"open","ping_status":"open","template":"","meta":{"footnotes":""},"class_list":["post-23","page","type-page","status-publish","hentry"],"_links":{"self":[{"href":"https:\/\/lelievre-couverture.com\/entreprise\/wp-json\/wp\/v2\/pages\/23","targetHints":{"allow":["GET"]}}],"collection":[{"href":"https:\/\/lelievre-couverture.com\/entreprise\/wp-json\/wp\/v2\/pages"}],"about":[{"href":"https:\/\/lelievre-couverture.com\/entreprise\/wp-json\/wp\/v2\/types\/page"}],"author":[{"embeddable":true,"href":"https:\/\/lelievre-couverture.com\/entreprise\/wp-json\/wp\/v2\/users\/1"}],"replies":[{"embeddable":true,"href":"https:\/\/lelievre-couverture.com\/entreprise\/wp-json\/wp\/v2\/comments?post=23"}],"version-history":[{"count":5,"href":"https:\/\/lelievre-couverture.com\/entreprise\/wp-json\/wp\/v2\/pages\/23\/revisions"}],"predecessor-version":[{"id":313,"href":"https:\/\/lelievre-couverture.com\/entreprise\/wp-json\/wp\/v2\/pages\/23\/revisions\/313"}],"wp:attachment":[{"href":"https:\/\/lelievre-couverture.com\/entreprise\/wp-json\/wp\/v2\/media?parent=23"}],"curies":[{"name":"wp","href":"https:\/\/api.w.org\/{rel}","templated":true}]}}