{"id":111,"date":"2014-10-08T09:09:17","date_gmt":"2014-10-08T08:09:17","guid":{"rendered":"http:\/\/lelievre-couverture.com\/entreprise\/?page_id=111"},"modified":"2015-05-07T11:06:37","modified_gmt":"2015-05-07T10:06:37","slug":"mentions-legales","status":"publish","type":"page","link":"https:\/\/lelievre-couverture.com\/entreprise\/mentions-legales\/","title":{"rendered":"Mentions l\u00e9gales"},"content":{"rendered":"<div class=\"post-content\">\n<div class=\"w-box-content cnt_a\">\n<h2>Hebergement<\/h2>\n<p>Le site www.lelievre-couverture.com est h\u00e9berg\u00e9 par la soci\u00e9t\u00e9 OVH:<br \/>\nSAS au capital de 500 K\u20ac<br \/>\nRCS Roubaix \u2013 Tourcoing 424 761 419 00011<br \/>\nCode APE 6202A<br \/>\nN\u00b0 TVA : FR 22 424 761 419<br \/>\nSi\u00e8ge social : 2 rue Kellermann \u2013 59100 Roubaix \u2013 France.<\/p>\n<h2>Propri\u00e9taire<\/h2>\n<p>Le site \u00ab\u00a0www.lelievre-couverture.com \u00bb est g\u00e9r\u00e9 par la soci\u00e9t\u00e9 \u00ab SARL LELIEVRE \u00bb . Responsable de publication : OLIVIER LELIEVRE\u00a0 \/ Tel: 0624606616.<\/p>\n<p>SARL 22 rue des Prieurs 80630 BEAUVAL \/ SIRET 49271682400015<\/p>\n<p>Toutes les photos figurants sur ce site son soumises aux r\u00e8gles du copyright : elles ne peuvent \u00eatre copi\u00e9es \/ utilis\u00e9es sans l&rsquo;accord de son propri\u00e9taire : OLIVIER LELIEVRE\u00a0 \/ Tel: 0624606616.<\/p>\n<div class=\"copy-paste-block\">\n<p>Le capital social de l\u2019entreprise LELIEVRE est de 20.000 euros<\/p>\n<h2>Cr\u00e9ation et d\u00e9veloppement<\/h2>\n<\/div>\n<p>Ce site a \u00e9t\u00e9 con\u00e7u et r\u00e9f\u00e9renc\u00e9 par la soci\u00e9t\u00e9 MPWEB (Arras). <span class=\"st\">Siret : 50758735000020 \/ APE : 6201Z<\/span><\/p>\n<\/div>\n<\/div>\n","protected":false},"excerpt":{"rendered":"<p>Hebergement Le site www.lelievre-couverture.com est h\u00e9berg\u00e9 par la soci\u00e9t\u00e9 OVH: SAS au capital de 500 K\u20ac RCS Roubaix \u2013 Tourcoing 424 761 419 00011 Code APE 6202A N\u00b0 TVA : FR 22 424 761 419 Si\u00e8ge social : 2 rue Kellermann \u2013 59100 Roubaix \u2013 France. Propri\u00e9taire Le site \u00ab\u00a0www.lelievre-couverture.com \u00bb est g\u00e9r\u00e9 par la<\/p>\n","protected":false},"author":1,"featured_media":0,"parent":0,"menu_order":0,"comment_status":"open","ping_status":"open","template":"","meta":{"footnotes":""},"class_list":["post-111","page","type-page","status-publish","hentry"],"_links":{"self":[{"href":"https:\/\/lelievre-couverture.com\/entreprise\/wp-json\/wp\/v2\/pages\/111","targetHints":{"allow":["GET"]}}],"collection":[{"href":"https:\/\/lelievre-couverture.com\/entreprise\/wp-json\/wp\/v2\/pages"}],"about":[{"href":"https:\/\/lelievre-couverture.com\/entreprise\/wp-json\/wp\/v2\/types\/page"}],"author":[{"embeddable":true,"href":"https:\/\/lelievre-couverture.com\/entreprise\/wp-json\/wp\/v2\/users\/1"}],"replies":[{"embeddable":true,"href":"https:\/\/lelievre-couverture.com\/entreprise\/wp-json\/wp\/v2\/comments?post=111"}],"version-history":[{"count":5,"href":"https:\/\/lelievre-couverture.com\/entreprise\/wp-json\/wp\/v2\/pages\/111\/revisions"}],"predecessor-version":[{"id":377,"href":"https:\/\/lelievre-couverture.com\/entreprise\/wp-json\/wp\/v2\/pages\/111\/revisions\/377"}],"wp:attachment":[{"href":"https:\/\/lelievre-couverture.com\/entreprise\/wp-json\/wp\/v2\/media?parent=111"}],"curies":[{"name":"wp","href":"https:\/\/api.w.org\/{rel}","templated":true}]}}